{"id":613,"date":"2024-01-16T19:05:29","date_gmt":"2024-01-16T16:05:29","guid":{"rendered":"https:\/\/enginmetal1.websistem.net\/urun-ozellikleri\/430-kalite-ozellikleri\/"},"modified":"2024-02-20T17:05:34","modified_gmt":"2024-02-20T14:05:34","slug":"430-products-features","status":"publish","type":"page","link":"https:\/\/enginmetal.com\/en\/products-features\/430-products-features\/","title":{"rendered":"430 Products Features"},"content":{"rendered":"<style>.kb-row-layout-id613_cc6b54-0e > .kt-row-column-wrap{align-content:start;}:where(.kb-row-layout-id613_cc6b54-0e > .kt-row-column-wrap) > .wp-block-kadence-column{justify-content:start;}.kb-row-layout-id613_cc6b54-0e > .kt-row-column-wrap{column-gap:var(--global-kb-gap-md, 2rem);row-gap:var(--global-kb-gap-md, 2rem);max-width:1290px;padding-top:24px;padding-right:20px;padding-bottom:48px;padding-left:20px;grid-template-columns:repeat(2, minmax(0, 1fr));}.kb-row-layout-id613_cc6b54-0e > .kt-row-layout-overlay{opacity:0.95;}@media all and (max-width: 1024px){.kb-row-layout-id613_cc6b54-0e > .kt-row-column-wrap{padding-top:80px;padding-right:150px;padding-bottom:215px;padding-left:150px;grid-template-columns:repeat(2, minmax(0, 1fr));}}@media all and (max-width: 767px){.kb-row-layout-id613_cc6b54-0e > .kt-row-column-wrap{padding-top:60px;padding-right:20px;padding-bottom:60px;padding-left:20px;grid-template-columns:minmax(0, 1fr);}}<\/style><div class=\"kb-row-layout-wrap kb-row-layout-id613_cc6b54-0e alignfull wp-block-kadence-rowlayout\"><div class=\"kt-row-column-wrap kt-has-2-columns kt-row-layout-equal kt-tab-layout-inherit kt-mobile-layout-row kt-row-valign-top kb-theme-content-width\">\n<style>.kadence-column613_89481e-10 > .kt-inside-inner-col,.kadence-column613_89481e-10 > .kt-inside-inner-col:before{border-top-left-radius:0px;border-top-right-radius:0px;border-bottom-right-radius:0px;border-bottom-left-radius:0px;}.kadence-column613_89481e-10 > .kt-inside-inner-col{column-gap:var(--global-kb-gap-sm, 1rem);}.kadence-column613_89481e-10 > .kt-inside-inner-col{flex-direction:column;}.kadence-column613_89481e-10 > .kt-inside-inner-col > .aligncenter{width:100%;}.kadence-column613_89481e-10 > .kt-inside-inner-col:before{opacity:0.3;}.kadence-column613_89481e-10{position:relative;}@media all and (max-width: 1024px){.kadence-column613_89481e-10 > .kt-inside-inner-col{flex-direction:column;}}@media all and (max-width: 767px){.kadence-column613_89481e-10 > .kt-inside-inner-col{flex-direction:column;}}<\/style>\n<div class=\"wp-block-kadence-column kadence-column613_89481e-10 inner-column-2\"><div class=\"kt-inside-inner-col\"><style>.kb-gallery-id-613_a1970e-53 .kadence-blocks-gallery-item .kb-gal-image-radius{border-radius:0px 0px 0px 0px;}<\/style><div class=\"kb-gallery-wrap-id-613_a1970e-53 alignnone wp-block-kadence-advancedgallery\"><div class=\"kb-gallery-ul kb-gallery-non-static kb-gallery-type-slider kb-gallery-id-613_a1970e-53 kb-gallery-caption-style-bottom-hover kb-gallery-filter-none kb-gallery-magnific-init\" data-image-filter=\"none\" data-lightbox-caption=\"true\"><div class=\"kt-blocks-carousel kt-carousel-container-dotstyle-none\"><div class=\"kt-blocks-carousel-init kb-blocks-slider kt-carousel-arrowstyle-none kt-carousel-dotstyle-none\" data-slider-anim-speed=\"400\" data-slider-scroll=\"1\" data-slider-arrows=\"false\" data-slider-fade=\"false\" data-slider-dots=\"false\"data-slider-type=\"slider\"  data-slider-hover-pause=\"false\" data-slider-auto=\"1\" data-slider-speed=\"4450\"><div class=\"kb-slide-item kb-gallery-slide-item\"><div class=\"kadence-blocks-gallery-item\"><div class=\"kadence-blocks-gallery-item-inner\"><figure class=\"kb-gallery-figure kb-gallery-item-has-link kadence-blocks-gallery-item-hide-caption\" \"><a href=\"https:\/\/enginmetal.com\/wp-content\/uploads\/2024\/01\/430-kalite-ozellikleri-engin-metal.jpeg\" class=\"kb-gallery-item-link\"  ><div class=\"kb-gal-image-radius\"><div class=\"kb-gallery-image-contain kadence-blocks-gallery-intrinsic kb-gallery-image-ratio-land32 kb-has-image-ratio-land32\" ><img loading=\"lazy\" decoding=\"async\" src=\"https:\/\/enginmetal.com\/wp-content\/uploads\/2024\/01\/430-kalite-ozellikleri-engin-metal.jpeg\" width=\"958\" height=\"406\" alt=\"\" data-full-image=\"https:\/\/enginmetal.com\/wp-content\/uploads\/2024\/01\/430-kalite-ozellikleri-engin-metal.jpeg\" data-light-image=\"https:\/\/enginmetal.com\/wp-content\/uploads\/2024\/01\/430-kalite-ozellikleri-engin-metal.jpeg\" data-id=\"203\" class=\"wp-image-203 skip-lazy\" srcset=\"https:\/\/enginmetal.com\/wp-content\/uploads\/2024\/01\/430-kalite-ozellikleri-engin-metal.jpeg 958w, https:\/\/enginmetal.com\/wp-content\/uploads\/2024\/01\/430-kalite-ozellikleri-engin-metal-300x127.jpeg 300w, https:\/\/enginmetal.com\/wp-content\/uploads\/2024\/01\/430-kalite-ozellikleri-engin-metal-768x325.jpeg 768w, https:\/\/enginmetal.com\/wp-content\/uploads\/2024\/01\/430-kalite-ozellikleri-engin-metal-18x8.jpeg 18w\" sizes=\"auto, (max-width: 958px) 100vw, 958px\" \/><\/div><\/div><\/a><\/figure><\/div><\/div><\/div><\/div><\/div><\/div><\/div><\/div><\/div>\n\n\n<style>.kadence-column613_189267-7f > .kt-inside-inner-col,.kadence-column613_189267-7f > .kt-inside-inner-col:before{border-top-left-radius:0px;border-top-right-radius:0px;border-bottom-right-radius:0px;border-bottom-left-radius:0px;}.kadence-column613_189267-7f > .kt-inside-inner-col{column-gap:var(--global-kb-gap-sm, 1rem);}.kadence-column613_189267-7f > .kt-inside-inner-col{flex-direction:column;}.kadence-column613_189267-7f > .kt-inside-inner-col > .aligncenter{width:100%;}.kadence-column613_189267-7f > .kt-inside-inner-col:before{opacity:0.3;}.kadence-column613_189267-7f{position:relative;}@media all and (max-width: 1024px){.kadence-column613_189267-7f, .kt-inside-inner-col > .kadence-column613_189267-7f:not(.specificity){margin-right:0px;margin-left:0px;}}@media all and (max-width: 1024px){.kadence-column613_189267-7f > .kt-inside-inner-col{padding-right:0px;padding-left:0px;flex-direction:column;}}@media all and (max-width: 767px){.kadence-column613_189267-7f, .kt-inside-inner-col > .kadence-column613_189267-7f:not(.specificity){margin-right:0px;margin-left:0px;}.kadence-column613_189267-7f > .kt-inside-inner-col{flex-direction:column;}}<\/style>\n<div class=\"wp-block-kadence-column kadence-column613_189267-7f inner-column-1\"><div class=\"kt-inside-inner-col\">\n<p>430 grade stainless steel is available from 0.4mm to 12mm in our stocks. This grade has good oxidation resistance upto 550-600\u00b0C. It is used in non-humid conditions, machine accessories, and for decorative purposes.<\/p>\n\n\n\n<p><strong>PHYSICAL PROPERTIES \/ 430&nbsp;<\/strong><\/p>\n\n\n\n<figure class=\"wp-block-table\"><table><tbody><tr><td>All values given are for 20C unless otherwise specified.<\/td><td><\/td><td><\/td><td>Units<\/td><\/tr><tr><td>Density<\/td><td><\/td><td><\/td><td>7 800 kg\/m\u00b3<\/td><\/tr><tr><td>Elastic Modulus (Tension)<\/td><td><\/td><td><\/td><td>200 GPa<\/td><\/tr><tr><td>Specific Heat Capacity<\/td><td><\/td><td><\/td><td>460 J\/kg K<\/td><\/tr><tr><td>Thermal Conductivity:<\/td><td>100\u00b0C\u2019de<\/td><td><\/td><td>26,1 W\/mK<\/td><\/tr><tr><td><\/td><td>500\u00b0C\u2019de<\/td><td><\/td><td>26,3 W\/mK<\/td><\/tr><tr><td>Electrical Resistivity<\/td><td><\/td><td><\/td><td>600 n m<\/td><\/tr><tr><td>Mean Co-efficient of<\/td><td><\/td><td><\/td><td><\/td><\/tr><tr><td>Thermal Expansion:<\/td><td>0 \u2013 100\u00b0C<\/td><td><\/td><td>10,4 \u00b5m\/mK<\/td><\/tr><tr><td><\/td><td>0 \u2013 315\u00b0C<\/td><td><\/td><td>11,0 \u00b5m\/mK<\/td><\/tr><tr><td><\/td><td>0 \u2013 538\u00b0C<\/td><td><\/td><td>11,4 \u00b5m\/mK<\/td><\/tr><tr><td><\/td><td>0 \u2013 700\u00b0C<\/td><td><\/td><td>12,1 \u00b5m\/mK<\/td><\/tr><tr><td>Melting Range<\/td><td><\/td><td><\/td><td>1425 \u2013 1510\u00b0C<\/td><\/tr><tr><td>Relative Permeability<\/td><td><\/td><td><\/td><td>Ferromagnetic<\/td><\/tr><\/tbody><\/table><\/figure>\n\n\n\n<p><strong>MECHANICAL PROPERTIES<\/strong><\/p>\n\n\n\n<p><strong>MECHANICAL PROPERTIES AT ROOM TEMPERATURE(ASTM A240)<\/strong><\/p>\n\n\n\n<figure class=\"wp-block-table\"><table><tbody><tr><td>Tensile Strength<\/td><td>450 MPa min<\/td><\/tr><tr><td>0,2% Proof Strength<\/td><td>205 MPa min<\/td><\/tr><tr><td>Elongation<\/td><td>20%&lt; 1,27 mm kal\u0131nl\u0131k<\/td><\/tr><tr><td><\/td><td>22%&gt; 1,27 mm kal\u0131nl\u0131k<\/td><\/tr><tr><td>Hardness<\/td><td>183 max BHN<\/td><\/tr><tr><td>Cold Bend<\/td><td>180 over material thickness<\/td><\/tr><\/tbody><\/table><\/figure>\n\n\n\n<p><strong>PROPERTIES AT ELEVATED TEMPERATURES<\/strong><\/p>\n\n\n\n<p>Values quoted are typical of 430 in the annealedcondition.<\/p>\n\n\n\n<p>These values are given as a guideline and should not be used for design purposes.<\/p>\n\n\n\n<p><strong>SHORT TIME ELEVATED TEMPERATURE TENSILE STRENGTH<\/strong><\/p>\n\n\n\n<figure class=\"wp-block-table\"><table><tbody><tr><td>Temperature\u00b0C<\/td><td>500<\/td><td>600<\/td><td>700<\/td><td>800<\/td><\/tr><tr><td>Tensile Strength (MPa)<\/td><td>330<\/td><td>205<\/td><td>103<\/td><td>50<\/td><\/tr><\/tbody><\/table><\/figure>\n\n\n\n<p><strong>CREEP RUPTURE STRENGTH (10 000 HOURS )<\/strong><\/p>\n\n\n\n<figure class=\"wp-block-table\"><table><tbody><tr><td>Temperature\u00b0C<\/td><td>480<\/td><td>540<\/td><td>600<\/td><td>700<\/td><\/tr><tr><td>Stress (Mpa)<\/td><td>179<\/td><td>90<\/td><td>45<\/td><td>25<\/td><\/tr><\/tbody><\/table><\/figure>\n\n\n\n<p><strong>MAXIMUM RECOMMENDED SERVICE TEMPERATURE<\/strong><\/p>\n\n\n\n<p>Temperatures quoted for service in air (i.e. in oxidising conditions):<\/p>\n\n\n\n<figure class=\"wp-block-table\"><table><tbody><tr><td>Continuous&nbsp;&nbsp;&nbsp;&nbsp;&nbsp;&nbsp;&nbsp;&nbsp;815\u00b0C<\/td><\/tr><tr><td>Intermittent&nbsp;&nbsp;&nbsp;&nbsp;&nbsp;&nbsp;&nbsp;&nbsp;870\u00b0C<\/td><\/tr><\/tbody><\/table><\/figure>\n\n\n\n<p>Note:430 is subject to embrittlement if used for extended periods in the temperature range of 400-500\u00b0C.<\/p>\n\n\n\n<p><strong>CORROSION RESISTANCE<\/strong><\/p>\n\n\n\n<p>430 has good resistance to a wide variety of corrosive environments including nitric acid and some organic acids. It is generally used for highly polished trim applications in mild atmospheres such as for food processing and dairy equipment. Atmospheric corrosion resistance is good, although in highly polluted or marine environments staining will occur.<\/p>\n\n\n\n<p>A\u015fa\u011f\u0131da 430 i\u00e7in m\u00fcnferit asit ortamlar\u0131nda iso-korrozyon \u015femalar\u0131 sunulmu\u015ftur.<\/p>\n\n\n\n<p><strong>FABRICATION<\/strong><\/p>\n\n\n\n<p>430 has good formability characteristics with useful mechanical properties. Its good ductility allows it to be readily formed by bending and deepdrawing. 430 does not undergo significant work hardenning whwn cold formed.<\/p>\n\n\n\n<p>In order to meet the needs of the market place, Columbus Stainless has developed a deep drawing guality 430. This material designated SX 430 DDQ is suitable for drawn applications such as holloware, sink bowls, etc. To ensure the correct allocation of material, if drawing quality is required, orders must state 430 DDQ. In order to best suit customer\u2019s and use it is imperative that this actual end use is stated when 430 DDQ is ordered.<\/p>\n\n\n\n<p>Being ferritic, 430 is prone to grain growth in the heat affected zone of weldments. As such the tensile, fatigue and toughness properties in the welded condition are poor. 430 should thus not be used for applications where tensile or dynamic loading will be experienced.<\/p>\n\n\n\n<p>430 is generally limited to a combined thickness of 3mm in the welded condition, i.e. for lap joints- this is equivalent to 2 x 1,5 mm thicknesses being welded together. The use of austenitic filler metals such as types 308L, 309L or 316L will improve the ductility of welds to some extent but all welding procedures should nevertheless endeavour to maintain minimum heat inputs.<\/p>\n<\/div><\/div>\n\n<\/div><\/div>","protected":false},"excerpt":{"rendered":"<p>430 grade stainless steel is available from 0.4mm to 12mm in our stocks. This grade has good oxidation resistance upto 550-600\u00b0C. It is used in non-humid conditions, machine accessories, and for decorative purposes. PHYSICAL PROPERTIES \/ 430&nbsp; All values given are for 20C unless otherwise specified. Units Density 7 800 kg\/m\u00b3 Elastic Modulus (Tension) 200 [&hellip;]<\/p>\n","protected":false},"author":3,"featured_media":0,"parent":597,"menu_order":4,"comment_status":"closed","ping_status":"closed","template":"","meta":{"_kad_blocks_custom_css":"","_kad_blocks_head_custom_js":"","_kad_blocks_body_custom_js":"","_kad_blocks_footer_custom_js":"","footnotes":"","advanced-sidebar-menu\/link-title":"","advanced-sidebar-menu\/exclude-page":false},"class_list":["post-613","page","type-page","status-publish","hentry"],"blocksy_meta":[],"taxonomy_info":[],"featured_image_src_large":false,"author_info":{"display_name":"Engin Metal Y\u00f6netim","author_link":"https:\/\/enginmetal.com\/en\/author\/sistemenginmetal-com\/"},"comment_info":0,"_links":{"self":[{"href":"https:\/\/enginmetal.com\/en\/wp-json\/wp\/v2\/pages\/613","targetHints":{"allow":["GET"]}}],"collection":[{"href":"https:\/\/enginmetal.com\/en\/wp-json\/wp\/v2\/pages"}],"about":[{"href":"https:\/\/enginmetal.com\/en\/wp-json\/wp\/v2\/types\/page"}],"author":[{"embeddable":true,"href":"https:\/\/enginmetal.com\/en\/wp-json\/wp\/v2\/users\/3"}],"replies":[{"embeddable":true,"href":"https:\/\/enginmetal.com\/en\/wp-json\/wp\/v2\/comments?post=613"}],"version-history":[{"count":2,"href":"https:\/\/enginmetal.com\/en\/wp-json\/wp\/v2\/pages\/613\/revisions"}],"predecessor-version":[{"id":618,"href":"https:\/\/enginmetal.com\/en\/wp-json\/wp\/v2\/pages\/613\/revisions\/618"}],"up":[{"embeddable":true,"href":"https:\/\/enginmetal.com\/en\/wp-json\/wp\/v2\/pages\/597"}],"wp:attachment":[{"href":"https:\/\/enginmetal.com\/en\/wp-json\/wp\/v2\/media?parent=613"}],"curies":[{"name":"wp","href":"https:\/\/api.w.org\/{rel}","templated":true}]}}